{"id":846,"date":"2025-01-21T12:52:31","date_gmt":"2025-01-21T12:52:31","guid":{"rendered":"https:\/\/yeni.saglampanel.com\/?page_id=846"},"modified":"2025-04-23T08:36:47","modified_gmt":"2025-04-23T08:36:47","slug":"hakkimizda","status":"publish","type":"page","link":"https:\/\/saglampan.pl\/tr\/hakkimizda\/","title":{"rendered":"Hakk\u0131m\u0131zda"},"content":{"rendered":"\t\t<div data-elementor-type=\"wp-page\" data-elementor-id=\"846\" class=\"elementor elementor-846\" data-elementor-post-type=\"page\">\n\t\t\t\t<div class=\"elementor-element elementor-element-af77661 archive-pt e-flex e-con-boxed e-con e-parent\" data-id=\"af77661\" data-element_type=\"container\" data-e-type=\"container\" data-settings=\"{&quot;background_background&quot;:&quot;classic&quot;}\">\n\t\t\t\t\t<div class=\"e-con-inner\">\n\t\t\t\t<div class=\"elementor-element elementor-element-c2da528 elementor-widget elementor-widget-heading\" data-id=\"c2da528\" data-element_type=\"widget\" data-e-type=\"widget\" data-widget_type=\"heading.default\">\n\t\t\t\t<div class=\"elementor-widget-container\">\n\t\t\t\t\t<span class=\"elementor-heading-title elementor-size-default\">Sa\u011flam Panel Kimdir?<\/span>\t\t\t\t<\/div>\n\t\t\t\t<\/div>\n\t\t\t\t<div class=\"elementor-element elementor-element-93b8008 elementor-widget__width-auto elementor-widget elementor-widget-heading\" data-id=\"93b8008\" data-element_type=\"widget\" data-e-type=\"widget\" data-widget_type=\"heading.default\">\n\t\t\t\t<div class=\"elementor-widget-container\">\n\t\t\t\t\t<h1 class=\"elementor-heading-title elementor-size-default\">Hakk\u0131m\u0131zda<\/h1>\t\t\t\t<\/div>\n\t\t\t\t<\/div>\n\t\t\t\t\t<\/div>\n\t\t\t\t<\/div>\n\t\t<div class=\"elementor-element elementor-element-ce41947 e-flex e-con-boxed e-con e-parent\" data-id=\"ce41947\" data-element_type=\"container\" data-e-type=\"container\" data-settings=\"{&quot;background_background&quot;:&quot;classic&quot;}\">\n\t\t\t\t\t<div class=\"e-con-inner\">\n\t\t\t\t<div class=\"elementor-element elementor-element-6c26f78 elementor-widget elementor-widget-html\" data-id=\"6c26f78\" data-element_type=\"widget\" data-e-type=\"widget\" data-widget_type=\"html.default\">\n\t\t\t\t<div class=\"elementor-widget-container\">\n\t\t\t\t\t<nav aria-label=\"breadcrumbs\" class=\"rank-math-breadcrumb\"><p><span class=\"last\">Ana Sayfa<\/span><\/p><\/nav>\t\t\t\t<\/div>\n\t\t\t\t<\/div>\n\t\t\t\t\t<\/div>\n\t\t\t\t<\/div>\n\t\t<div class=\"elementor-element elementor-element-9ae23fd e-flex e-con-boxed e-con e-parent\" data-id=\"9ae23fd\" data-element_type=\"container\" data-e-type=\"container\">\n\t\t\t\t\t<div class=\"e-con-inner\">\n\t\t<div class=\"elementor-element elementor-element-a2547cf e-con-full e-flex e-con e-child\" data-id=\"a2547cf\" data-element_type=\"container\" data-e-type=\"container\">\n\t\t\t\t<div class=\"elementor-element elementor-element-21c0ea3 elementor-widget elementor-widget-image\" data-id=\"21c0ea3\" data-element_type=\"widget\" data-e-type=\"widget\" data-widget_type=\"image.default\">\n\t\t\t\t<div class=\"elementor-widget-container\">\n\t\t\t\t\t\t\t\t\t\t\t\t\t\t\t<img fetchpriority=\"high\" decoding=\"async\" width=\"519\" height=\"559\" src=\"https:\/\/saglampan.pl\/wp-content\/uploads\/2025\/01\/saglam-adam-logo.webp\" class=\"attachment-large size-large wp-image-644\" alt=\"\" srcset=\"https:\/\/saglampan.pl\/wp-content\/uploads\/2025\/01\/saglam-adam-logo.webp 519w, https:\/\/saglampan.pl\/wp-content\/uploads\/2025\/01\/saglam-adam-logo-279x300.webp 279w\" sizes=\"(max-width: 519px) 100vw, 519px\" \/>\t\t\t\t\t\t\t\t\t\t\t\t\t\t\t<\/div>\n\t\t\t\t<\/div>\n\t\t\t\t<\/div>\n\t\t<div class=\"elementor-element elementor-element-3a77197 e-con-full e-flex e-con e-child\" data-id=\"3a77197\" data-element_type=\"container\" data-e-type=\"container\">\n\t\t\t\t<div class=\"elementor-element elementor-element-f980140 elementor-widget elementor-widget-heading\" data-id=\"f980140\" data-element_type=\"widget\" data-e-type=\"widget\" data-widget_type=\"heading.default\">\n\t\t\t\t<div class=\"elementor-widget-container\">\n\t\t\t\t\t<h1 class=\"elementor-heading-title elementor-size-default\">SA\u011eLAM PANEL<\/h1>\t\t\t\t<\/div>\n\t\t\t\t<\/div>\n\t\t\t\t<div class=\"elementor-element elementor-element-4ea0228 elementor-widget-divider--view-line elementor-widget elementor-widget-divider\" data-id=\"4ea0228\" data-element_type=\"widget\" data-e-type=\"widget\" data-widget_type=\"divider.default\">\n\t\t\t\t<div class=\"elementor-widget-container\">\n\t\t\t\t\t\t\t<div class=\"elementor-divider\">\n\t\t\t<span class=\"elementor-divider-separator\">\n\t\t\t\t\t\t<\/span>\n\t\t<\/div>\n\t\t\t\t\t\t<\/div>\n\t\t\t\t<\/div>\n\t\t\t\t<div class=\"elementor-element elementor-element-015fbb0 elementor-widget elementor-widget-heading\" data-id=\"015fbb0\" data-element_type=\"widget\" data-e-type=\"widget\" data-widget_type=\"heading.default\">\n\t\t\t\t<div class=\"elementor-widget-container\">\n\t\t\t\t\t<span class=\"elementor-heading-title elementor-size-default\">G\u00fcvenilir ve \u0130novatif Sandvi\u00e7 Panel \u00c7\u00f6z\u00fcmleri<\/span>\t\t\t\t<\/div>\n\t\t\t\t<\/div>\n\t\t\t\t<div class=\"elementor-element elementor-element-ffeab78 elementor-widget elementor-widget-text-editor\" data-id=\"ffeab78\" data-element_type=\"widget\" data-e-type=\"widget\" data-widget_type=\"text-editor.default\">\n\t\t\t\t<div class=\"elementor-widget-container\">\n\t\t\t\t\t\t\t\t\t<p>Sa\u011flam Panel Kimdir?<br \/>Sa\u011flam Panel, uzun y\u0131llar\u0131n sekt\u00f6r tecr\u00fcbesi ve derin pazar uzmanl\u0131\u011f\u0131 ile sandvi\u00e7 panel sekt\u00f6r\u00fcnde faaliyet g\u00f6stermektedir. Sakarya\u2019daki modern \u00fcretim tesisinde, sekt\u00f6r\u00fcn ihtiya\u00e7lar\u0131n\u0131 kar\u015f\u0131layan yenilik\u00e7i ve profesyonel \u00e7\u00f6z\u00fcmler sunmaktad\u0131r.<\/p><p>Kalite ve m\u00fc\u015fteri memnuniyetini temel alan yakla\u015f\u0131m\u0131yla sekt\u00f6rde g\u00fc\u00e7l\u00fc bir konuma sahip olan Sa\u011flam Panel, inovasyon ve m\u00fckemmeliyet\u00e7ilik ilkelerini benimseyerek \u00e7al\u0131\u015fmalar\u0131n\u0131 s\u00fcrd\u00fcrmektedir.<\/p><p>Son teknoloji ekipmanlarla donat\u0131lm\u0131\u015f \u00fcretim tesisinde y\u00fcksek standartlarda panel \u00fcretimi ger\u00e7ekle\u015ftiren firmam\u0131z, m\u00fc\u015fterilerine g\u00fcvenilir ve kaliteli \u00fcr\u00fcnler sunmaya devam etmektedir.<\/p>\t\t\t\t\t\t\t\t<\/div>\n\t\t\t\t<\/div>\n\t\t\t\t<\/div>\n\t\t\t\t\t<\/div>\n\t\t\t\t<\/div>\n\t\t<div class=\"elementor-element elementor-element-aa6f2d6 e-flex e-con-boxed e-con e-parent\" data-id=\"aa6f2d6\" data-element_type=\"container\" data-e-type=\"container\" data-settings=\"{&quot;background_background&quot;:&quot;classic&quot;}\">\n\t\t\t\t\t<div class=\"e-con-inner\">\n\t\t<div class=\"elementor-element elementor-element-f9eec11 e-con-full e-flex e-con e-child\" data-id=\"f9eec11\" data-element_type=\"container\" data-e-type=\"container\">\n\t\t\t\t<div class=\"elementor-element elementor-element-aff605f elementor-widget elementor-widget-heading\" data-id=\"aff605f\" data-element_type=\"widget\" data-e-type=\"widget\" data-widget_type=\"heading.default\">\n\t\t\t\t<div class=\"elementor-widget-container\">\n\t\t\t\t\t<h2 class=\"elementor-heading-title elementor-size-default\">SA\u011eLAM YAPILARIN TERC\u0130H\u0130<br>\nSA\u011eLAM PANEL<\/h2>\t\t\t\t<\/div>\n\t\t\t\t<\/div>\n\t\t\t\t<div class=\"elementor-element elementor-element-757f504 elementor-widget elementor-widget-video\" data-id=\"757f504\" data-element_type=\"widget\" data-e-type=\"widget\" data-settings=\"{&quot;youtube_url&quot;:&quot;https:\\\/\\\/www.youtube.com\\\/watch?v=YtCOXo5QYuw&quot;,&quot;show_image_overlay&quot;:&quot;yes&quot;,&quot;image_overlay&quot;:{&quot;url&quot;:&quot;https:\\\/\\\/saglampan.pl\\\/wp-content\\\/uploads\\\/2025\\\/03\\\/tanitim-video-kapak.webp&quot;,&quot;id&quot;:1815,&quot;size&quot;:&quot;&quot;,&quot;alt&quot;:&quot;&quot;,&quot;source&quot;:&quot;library&quot;},&quot;lightbox&quot;:&quot;yes&quot;,&quot;video_type&quot;:&quot;youtube&quot;,&quot;controls&quot;:&quot;yes&quot;}\" data-widget_type=\"video.default\">\n\t\t\t\t<div class=\"elementor-widget-container\">\n\t\t\t\t\t\t\t<div class=\"elementor-wrapper elementor-open-lightbox\">\n\t\t\t\t\t\t\t<div class=\"elementor-custom-embed-image-overlay\" data-elementor-open-lightbox=\"yes\" data-elementor-lightbox=\"{&quot;type&quot;:&quot;video&quot;,&quot;videoType&quot;:&quot;youtube&quot;,&quot;url&quot;:&quot;https:\\\/\\\/www.youtube.com\\\/embed\\\/YtCOXo5QYuw?feature=oembed&amp;start&amp;end&amp;wmode=opaque&amp;loop=0&amp;controls=1&amp;mute=0&amp;rel=0&amp;cc_load_policy=0&quot;,&quot;autoplay&quot;:&quot;&quot;,&quot;modalOptions&quot;:{&quot;id&quot;:&quot;elementor-lightbox-757f504&quot;,&quot;entranceAnimation&quot;:&quot;&quot;,&quot;entranceAnimation_tablet&quot;:&quot;&quot;,&quot;entranceAnimation_mobile&quot;:&quot;&quot;,&quot;videoAspectRatio&quot;:&quot;169&quot;}}\" data-e-action-hash=\"#elementor-action%3Aaction%3Dlightbox%26settings%3DeyJ0eXBlIjoidmlkZW8iLCJ2aWRlb1R5cGUiOiJ5b3V0dWJlIiwidXJsIjoiaHR0cHM6XC9cL3d3dy55b3V0dWJlLmNvbVwvZW1iZWRcL1l0Q09YbzVRWXV3P2ZlYXR1cmU9b2VtYmVkJnN0YXJ0JmVuZCZ3bW9kZT1vcGFxdWUmbG9vcD0wJmNvbnRyb2xzPTEmbXV0ZT0wJnJlbD0wJmNjX2xvYWRfcG9saWN5PTAiLCJhdXRvcGxheSI6IiIsIm1vZGFsT3B0aW9ucyI6eyJpZCI6ImVsZW1lbnRvci1saWdodGJveC03NTdmNTA0IiwiZW50cmFuY2VBbmltYXRpb24iOiIiLCJlbnRyYW5jZUFuaW1hdGlvbl90YWJsZXQiOiIiLCJlbnRyYW5jZUFuaW1hdGlvbl9tb2JpbGUiOiIiLCJ2aWRlb0FzcGVjdFJhdGlvIjoiMTY5In19\">\n\t\t\t\t\t\t\t\t\t\t\t<img decoding=\"async\" width=\"800\" height=\"450\" src=\"https:\/\/saglampan.pl\/wp-content\/uploads\/2025\/03\/tanitim-video-kapak.webp\" class=\"attachment-full size-full wp-image-1815\" alt=\"\" srcset=\"https:\/\/saglampan.pl\/wp-content\/uploads\/2025\/03\/tanitim-video-kapak.webp 800w, https:\/\/saglampan.pl\/wp-content\/uploads\/2025\/03\/tanitim-video-kapak-300x169.webp 300w, https:\/\/saglampan.pl\/wp-content\/uploads\/2025\/03\/tanitim-video-kapak-768x432.webp 768w\" sizes=\"(max-width: 800px) 100vw, 800px\" \/>\t\t\t\t\t\t\t\t\t\t\t\t\t\t\t\t<div class=\"elementor-custom-embed-play\" role=\"button\" aria-label=\"Videoyu Oynat\" tabindex=\"0\">\n\t\t\t\t\t\t\t<svg aria-hidden=\"true\" class=\"e-font-icon-svg e-eicon-play\" viewBox=\"0 0 1000 1000\" xmlns=\"http:\/\/www.w3.org\/2000\/svg\"><path d=\"M838 162C746 71 633 25 500 25 371 25 258 71 163 162 71 254 25 367 25 500 25 633 71 746 163 837 254 929 367 979 500 979 633 979 746 933 838 837 929 746 975 633 975 500 975 367 929 254 838 162M808 192C892 279 933 379 933 500 933 621 892 725 808 808 725 892 621 938 500 938 379 938 279 896 196 808 113 725 67 621 67 500 67 379 108 279 196 192 279 108 383 62 500 62 621 62 721 108 808 192M438 392V642L642 517 438 392Z\"><\/path><\/svg>\t\t\t\t\t\t<\/div>\n\t\t\t\t\t\t\t\t\t<\/div>\n\t\t\t\t\t<\/div>\n\t\t\t\t\t\t<\/div>\n\t\t\t\t<\/div>\n\t\t\t\t<\/div>\n\t\t<div class=\"elementor-element elementor-element-ae1494e e-con-full e-flex e-con e-child\" data-id=\"ae1494e\" data-element_type=\"container\" data-e-type=\"container\">\n\t\t<div class=\"elementor-element elementor-element-fce4244 e-con-full e-flex e-con e-child\" data-id=\"fce4244\" data-element_type=\"container\" data-e-type=\"container\">\n\t\t<div class=\"elementor-element elementor-element-74af844 e-con-full count-single e-flex e-con e-child\" data-id=\"74af844\" data-element_type=\"container\" data-e-type=\"container\">\n\t\t<div class=\"elementor-element elementor-element-d78d4ab e-con-full e-flex e-con e-child\" data-id=\"d78d4ab\" data-element_type=\"container\" data-e-type=\"container\">\n\t\t\t\t<div class=\"elementor-element elementor-element-c46b50c elementor-widget elementor-widget-counter\" data-id=\"c46b50c\" data-element_type=\"widget\" data-e-type=\"widget\" data-widget_type=\"counter.default\">\n\t\t\t\t<div class=\"elementor-widget-container\">\n\t\t\t\t\t\t\t<div class=\"elementor-counter\">\n\t\t\t\t\t\t<div class=\"elementor-counter-number-wrapper\">\n\t\t\t\t<span class=\"elementor-counter-number-prefix\"><\/span>\n\t\t\t\t<span class=\"elementor-counter-number\" data-duration=\"2000\" data-to-value=\"22\" data-from-value=\"0\" data-delimiter=\".\">0<\/span>\n\t\t\t\t<span class=\"elementor-counter-number-suffix\">+<\/span>\n\t\t\t<\/div>\n\t\t<\/div>\n\t\t\t\t\t\t<\/div>\n\t\t\t\t<\/div>\n\t\t\t\t<div class=\"elementor-element elementor-element-29ccf47 elementor-widget elementor-widget-heading\" data-id=\"29ccf47\" data-element_type=\"widget\" data-e-type=\"widget\" data-widget_type=\"heading.default\">\n\t\t\t\t<div class=\"elementor-widget-container\">\n\t\t\t\t\t<div class=\"elementor-heading-title elementor-size-default\">\u00dcLKEYE \u0130HRACAT<\/div>\t\t\t\t<\/div>\n\t\t\t\t<\/div>\n\t\t\t\t<\/div>\n\t\t<div class=\"elementor-element elementor-element-dfed3c6 e-con-full e-flex e-con e-child\" data-id=\"dfed3c6\" data-element_type=\"container\" data-e-type=\"container\">\n\t\t\t\t<div class=\"elementor-element elementor-element-b789908 elementor-widget elementor-widget-html\" data-id=\"b789908\" data-element_type=\"widget\" data-e-type=\"widget\" data-widget_type=\"html.default\">\n\t\t\t\t<div class=\"elementor-widget-container\">\n\t\t\t\t\t  <a class=\"pbmit-svg-btn\">\r\n    <svg class=\"pbmit-svg-arrow\" xmlns=\"http:\/\/www.w3.org\/2000\/svg\" xmlns:xlink=\"http:\/\/www.w3.org\/1999\/xlink\" x=\"0px\" y=\"0px\" width=\"10\" height=\"19\" viewBox=\"0 0 19 19\" xml:space=\"preserve\">\r\n      <line x1=\"1\" y1=\"18\" x2=\"17.8\" y2=\"1.2\"><\/line>\r\n      <line x1=\"1.2\" y1=\"1\" x2=\"18\" y2=\"1\"><\/line>\r\n      <line x1=\"18\" y1=\"17.8\" x2=\"18\" y2=\"1\"><\/line>\r\n    <\/svg>\r\n  <\/a>\t\t\t\t<\/div>\n\t\t\t\t<\/div>\n\t\t\t\t<\/div>\n\t\t\t\t<\/div>\n\t\t<div class=\"elementor-element elementor-element-c8a9994 e-con-full count-single e-flex e-con e-child\" data-id=\"c8a9994\" data-element_type=\"container\" data-e-type=\"container\">\n\t\t<div class=\"elementor-element elementor-element-c287ff7 e-con-full e-flex e-con e-child\" data-id=\"c287ff7\" data-element_type=\"container\" data-e-type=\"container\">\n\t\t\t\t<div class=\"elementor-element elementor-element-8aa6d30 elementor-widget elementor-widget-counter\" data-id=\"8aa6d30\" data-element_type=\"widget\" data-e-type=\"widget\" data-widget_type=\"counter.default\">\n\t\t\t\t<div class=\"elementor-widget-container\">\n\t\t\t\t\t\t\t<div class=\"elementor-counter\">\n\t\t\t\t\t\t<div class=\"elementor-counter-number-wrapper\">\n\t\t\t\t<span class=\"elementor-counter-number-prefix\"><\/span>\n\t\t\t\t<span class=\"elementor-counter-number\" data-duration=\"2000\" data-to-value=\"5500\" data-from-value=\"0\" data-delimiter=\".\">0<\/span>\n\t\t\t\t<span class=\"elementor-counter-number-suffix\">m2<\/span>\n\t\t\t<\/div>\n\t\t<\/div>\n\t\t\t\t\t\t<\/div>\n\t\t\t\t<\/div>\n\t\t\t\t<div class=\"elementor-element elementor-element-d195f93 elementor-widget elementor-widget-heading\" data-id=\"d195f93\" data-element_type=\"widget\" data-e-type=\"widget\" data-widget_type=\"heading.default\">\n\t\t\t\t<div class=\"elementor-widget-container\">\n\t\t\t\t\t<div class=\"elementor-heading-title elementor-size-default\">\u00dcRET\u0130M ALANI<\/div>\t\t\t\t<\/div>\n\t\t\t\t<\/div>\n\t\t\t\t<\/div>\n\t\t<div class=\"elementor-element elementor-element-47abde3 e-con-full e-flex e-con e-child\" data-id=\"47abde3\" data-element_type=\"container\" data-e-type=\"container\">\n\t\t\t\t<div class=\"elementor-element elementor-element-89a13e3 elementor-widget elementor-widget-html\" data-id=\"89a13e3\" data-element_type=\"widget\" data-e-type=\"widget\" data-widget_type=\"html.default\">\n\t\t\t\t<div class=\"elementor-widget-container\">\n\t\t\t\t\t  <a class=\"pbmit-svg-btn\">\r\n    <svg class=\"pbmit-svg-arrow\" xmlns=\"http:\/\/www.w3.org\/2000\/svg\" xmlns:xlink=\"http:\/\/www.w3.org\/1999\/xlink\" x=\"0px\" y=\"0px\" width=\"10\" height=\"19\" viewBox=\"0 0 19 19\" xml:space=\"preserve\">\r\n      <line x1=\"1\" y1=\"18\" x2=\"17.8\" y2=\"1.2\"><\/line>\r\n      <line x1=\"1.2\" y1=\"1\" x2=\"18\" y2=\"1\"><\/line>\r\n      <line x1=\"18\" y1=\"17.8\" x2=\"18\" y2=\"1\"><\/line>\r\n    <\/svg>\r\n  <\/a>\t\t\t\t<\/div>\n\t\t\t\t<\/div>\n\t\t\t\t<\/div>\n\t\t\t\t<\/div>\n\t\t<div class=\"elementor-element elementor-element-5778e33 e-con-full count-single e-flex e-con e-child\" data-id=\"5778e33\" data-element_type=\"container\" data-e-type=\"container\">\n\t\t<div class=\"elementor-element elementor-element-5809850 e-con-full e-flex e-con e-child\" data-id=\"5809850\" data-element_type=\"container\" data-e-type=\"container\">\n\t\t\t\t<div class=\"elementor-element elementor-element-1ccf262 elementor-widget elementor-widget-counter\" data-id=\"1ccf262\" data-element_type=\"widget\" data-e-type=\"widget\" data-widget_type=\"counter.default\">\n\t\t\t\t<div class=\"elementor-widget-container\">\n\t\t\t\t\t\t\t<div class=\"elementor-counter\">\n\t\t\t\t\t\t<div class=\"elementor-counter-number-wrapper\">\n\t\t\t\t<span class=\"elementor-counter-number-prefix\"><\/span>\n\t\t\t\t<span class=\"elementor-counter-number\" data-duration=\"2000\" data-to-value=\"9000\" data-from-value=\"0\" data-delimiter=\".\">0<\/span>\n\t\t\t\t<span class=\"elementor-counter-number-suffix\">m2<\/span>\n\t\t\t<\/div>\n\t\t<\/div>\n\t\t\t\t\t\t<\/div>\n\t\t\t\t<\/div>\n\t\t\t\t<div class=\"elementor-element elementor-element-33ec86e elementor-widget elementor-widget-heading\" data-id=\"33ec86e\" data-element_type=\"widget\" data-e-type=\"widget\" data-widget_type=\"heading.default\">\n\t\t\t\t<div class=\"elementor-widget-container\">\n\t\t\t\t\t<div class=\"elementor-heading-title elementor-size-default\">G\u00dcNL\u00dcK \u00dcRET\u0130M KAPAS\u0130TES\u0130<\/div>\t\t\t\t<\/div>\n\t\t\t\t<\/div>\n\t\t\t\t<\/div>\n\t\t<div class=\"elementor-element elementor-element-61fb329 e-con-full e-flex e-con e-child\" data-id=\"61fb329\" data-element_type=\"container\" data-e-type=\"container\">\n\t\t\t\t<div class=\"elementor-element elementor-element-f5e8614 elementor-widget elementor-widget-html\" data-id=\"f5e8614\" data-element_type=\"widget\" data-e-type=\"widget\" data-widget_type=\"html.default\">\n\t\t\t\t<div class=\"elementor-widget-container\">\n\t\t\t\t\t  <a class=\"pbmit-svg-btn\">\r\n    <svg class=\"pbmit-svg-arrow\" xmlns=\"http:\/\/www.w3.org\/2000\/svg\" xmlns:xlink=\"http:\/\/www.w3.org\/1999\/xlink\" x=\"0px\" y=\"0px\" width=\"10\" height=\"19\" viewBox=\"0 0 19 19\" xml:space=\"preserve\">\r\n      <line x1=\"1\" y1=\"18\" x2=\"17.8\" y2=\"1.2\"><\/line>\r\n      <line x1=\"1.2\" y1=\"1\" x2=\"18\" y2=\"1\"><\/line>\r\n      <line x1=\"18\" y1=\"17.8\" x2=\"18\" y2=\"1\"><\/line>\r\n    <\/svg>\r\n  <\/a>\t\t\t\t<\/div>\n\t\t\t\t<\/div>\n\t\t\t\t<\/div>\n\t\t\t\t<\/div>\n\t\t\t\t<\/div>\n\t\t\t\t<\/div>\n\t\t\t\t\t<\/div>\n\t\t\t\t<\/div>\n\t\t<div class=\"elementor-element elementor-element-57ba158 e-flex e-con-boxed e-con e-parent\" data-id=\"57ba158\" data-element_type=\"container\" data-e-type=\"container\">\n\t\t\t\t\t<div class=\"e-con-inner\">\n\t\t<div class=\"elementor-element elementor-element-ad1c6a1 e-con-full e-flex e-con e-child\" data-id=\"ad1c6a1\" data-element_type=\"container\" data-e-type=\"container\">\n\t\t\t\t<div class=\"elementor-element elementor-element-8f74ff5 elementor-widget elementor-widget-heading\" data-id=\"8f74ff5\" data-element_type=\"widget\" data-e-type=\"widget\" data-widget_type=\"heading.default\">\n\t\t\t\t<div class=\"elementor-widget-container\">\n\t\t\t\t\t<h2 class=\"elementor-heading-title elementor-size-default\">Vizyonumuz<\/h2>\t\t\t\t<\/div>\n\t\t\t\t<\/div>\n\t\t\t\t<div class=\"elementor-element elementor-element-400cfcf elementor-widget-divider--view-line elementor-widget elementor-widget-divider\" data-id=\"400cfcf\" data-element_type=\"widget\" data-e-type=\"widget\" data-widget_type=\"divider.default\">\n\t\t\t\t<div class=\"elementor-widget-container\">\n\t\t\t\t\t\t\t<div class=\"elementor-divider\">\n\t\t\t<span class=\"elementor-divider-separator\">\n\t\t\t\t\t\t<\/span>\n\t\t<\/div>\n\t\t\t\t\t\t<\/div>\n\t\t\t\t<\/div>\n\t\t\t\t<div class=\"elementor-element elementor-element-2ae0c38 elementor-widget elementor-widget-text-editor\" data-id=\"2ae0c38\" data-element_type=\"widget\" data-e-type=\"widget\" data-widget_type=\"text-editor.default\">\n\t\t\t\t<div class=\"elementor-widget-container\">\n\t\t\t\t\t\t\t\t\t<p>Sa\u011flam Panel olarak, yap\u0131 sekt\u00f6r\u00fcnde lider bir marka olmay\u0131 hedefliyoruz. Yenilik\u00e7i yakla\u015f\u0131m\u0131m\u0131zla, m\u00fc\u015fterilerimize kaliteli ve dayan\u0131kl\u0131 sandvi\u00e7 panel \u00e7\u00f6z\u00fcmleri sunarak sekt\u00f6rde \u00f6nc\u00fc bir konumda olmak istiyoruz. S\u00fcrd\u00fcr\u00fclebilirlik ve m\u00fc\u015fteri memnuniyeti odakl\u0131 bir yakla\u015f\u0131mla, gelece\u011fin yap\u0131 malzemelerine y\u00f6n vermek ve sekt\u00f6re de\u011fer katmak istiyoruz.<\/p>\t\t\t\t\t\t\t\t<\/div>\n\t\t\t\t<\/div>\n\t\t\t\t<\/div>\n\t\t<div class=\"elementor-element elementor-element-df05b44 e-con-full e-flex e-con e-child\" data-id=\"df05b44\" data-element_type=\"container\" data-e-type=\"container\">\n\t\t\t\t<div class=\"elementor-element elementor-element-146258b elementor-widget elementor-widget-heading\" data-id=\"146258b\" data-element_type=\"widget\" data-e-type=\"widget\" data-widget_type=\"heading.default\">\n\t\t\t\t<div class=\"elementor-widget-container\">\n\t\t\t\t\t<h2 class=\"elementor-heading-title elementor-size-default\">Misyonumuz<\/h2>\t\t\t\t<\/div>\n\t\t\t\t<\/div>\n\t\t\t\t<div class=\"elementor-element elementor-element-34d3f9e elementor-widget-divider--view-line elementor-widget elementor-widget-divider\" data-id=\"34d3f9e\" data-element_type=\"widget\" data-e-type=\"widget\" data-widget_type=\"divider.default\">\n\t\t\t\t<div class=\"elementor-widget-container\">\n\t\t\t\t\t\t\t<div class=\"elementor-divider\">\n\t\t\t<span class=\"elementor-divider-separator\">\n\t\t\t\t\t\t<\/span>\n\t\t<\/div>\n\t\t\t\t\t\t<\/div>\n\t\t\t\t<\/div>\n\t\t\t\t<div class=\"elementor-element elementor-element-f11c219 elementor-widget elementor-widget-text-editor\" data-id=\"f11c219\" data-element_type=\"widget\" data-e-type=\"widget\" data-widget_type=\"text-editor.default\">\n\t\t\t\t<div class=\"elementor-widget-container\">\n\t\t\t\t\t\t\t\t\t<p>Misyonumuz, m\u00fc\u015fterilerimizin in\u015faat projelerinde g\u00fcvenilir ve yenilik\u00e7i sandvi\u00e7 panel \u00e7\u00f6z\u00fcmleri sunarak onlar\u0131n ihtiya\u00e7lar\u0131n\u0131 kar\u015f\u0131lamakt\u0131r. Kalite standartlar\u0131ndan \u00f6d\u00fcn vermeden, m\u00fckemmeliyet\u00e7i bir anlay\u0131\u015fla \u00fcretim yaparak yap\u0131 sekt\u00f6r\u00fcnde \u00f6nc\u00fc bir marka olmay\u0131 hedefliyoruz. M\u00fc\u015fterilerimize rekabet avantaj\u0131 sa\u011flayacak \u00e7\u00f6z\u00fcmler sunarak, yap\u0131lar\u0131n dayan\u0131kl\u0131l\u0131\u011f\u0131n\u0131 ve enerji verimlili\u011fini art\u0131rmay\u0131 ama\u00e7l\u0131yoruz.<\/p>\t\t\t\t\t\t\t\t<\/div>\n\t\t\t\t<\/div>\n\t\t\t\t<\/div>\n\t\t\t\t\t<\/div>\n\t\t\t\t<\/div>\n\t\t\t\t<\/div>\n\t\t","protected":false},"excerpt":{"rendered":"<p>Sa\u011flam Panel Kimdir? Hakk\u0131m\u0131zda SA\u011eLAM PANEL G\u00fcvenilir ve \u0130novatif Sandvi\u00e7 Panel \u00c7\u00f6z\u00fcmleri Sa\u011flam Panel Kimdir?Sa\u011flam Panel, uzun y\u0131llar\u0131n sekt\u00f6r tecr\u00fcbesi ve derin pazar uzmanl\u0131\u011f\u0131 ile sandvi\u00e7 panel sekt\u00f6r\u00fcnde faaliyet g\u00f6stermektedir. Sakarya\u2019daki modern \u00fcretim tesisinde, sekt\u00f6r\u00fcn ihtiya\u00e7lar\u0131n\u0131 kar\u015f\u0131layan yenilik\u00e7i ve profesyonel \u00e7\u00f6z\u00fcmler sunmaktad\u0131r. Kalite ve m\u00fc\u015fteri memnuniyetini temel alan yakla\u015f\u0131m\u0131yla sekt\u00f6rde g\u00fc\u00e7l\u00fc bir konuma sahip olan [&hellip;]<\/p>\n","protected":false},"author":1,"featured_media":2443,"parent":0,"menu_order":0,"comment_status":"closed","ping_status":"closed","template":"","meta":{"_acf_changed":false,"inline_featured_image":false,"footnotes":""},"class_list":["post-846","page","type-page","status-publish","has-post-thumbnail","hentry"],"acf":[],"_links":{"self":[{"href":"https:\/\/saglampan.pl\/tr\/wp-json\/wp\/v2\/pages\/846","targetHints":{"allow":["GET"]}}],"collection":[{"href":"https:\/\/saglampan.pl\/tr\/wp-json\/wp\/v2\/pages"}],"about":[{"href":"https:\/\/saglampan.pl\/tr\/wp-json\/wp\/v2\/types\/page"}],"author":[{"embeddable":true,"href":"https:\/\/saglampan.pl\/tr\/wp-json\/wp\/v2\/users\/1"}],"replies":[{"embeddable":true,"href":"https:\/\/saglampan.pl\/tr\/wp-json\/wp\/v2\/comments?post=846"}],"version-history":[{"count":10,"href":"https:\/\/saglampan.pl\/tr\/wp-json\/wp\/v2\/pages\/846\/revisions"}],"predecessor-version":[{"id":2192,"href":"https:\/\/saglampan.pl\/tr\/wp-json\/wp\/v2\/pages\/846\/revisions\/2192"}],"wp:featuredmedia":[{"embeddable":true,"href":"https:\/\/saglampan.pl\/tr\/wp-json\/wp\/v2\/media\/2443"}],"wp:attachment":[{"href":"https:\/\/saglampan.pl\/tr\/wp-json\/wp\/v2\/media?parent=846"}],"curies":[{"name":"wp","href":"https:\/\/api.w.org\/{rel}","templated":true}]}}