{"id":3626,"date":"2025-04-17T12:35:04","date_gmt":"2025-04-17T12:35:04","guid":{"rendered":"https:\/\/yeni.saglampanel.com\/?page_id=3626"},"modified":"2025-04-23T09:12:24","modified_gmt":"2025-04-23T09:12:24","slug":"kvkk","status":"publish","type":"page","link":"https:\/\/saglampan.pl\/tr\/kvkk\/","title":{"rendered":"Ki\u015fisel Verilerin Korunmas\u0131 Ayd\u0131nlatma Metni"},"content":{"rendered":"\n<h2 class=\"wp-block-heading\">1. Ama\u00e7<\/h2>\n\n\n\n<p>Sa\u011flam Panel (&#8220;\u015eirket&#8221; veya &#8220;Sa\u011flam Panel&#8221;) olarak kurumsal bilgilerin ve ki\u015fisel verilerin gizlilik, b\u00fct\u00fcnl\u00fck ve eri\u015filebilirlik unsurlar\u0131 a\u00e7\u0131s\u0131ndan korunmas\u0131n\u0131 sa\u011flamak, \u015firketimiz taraf\u0131ndan ki\u015fisel verilerin i\u015flenmesine ve korunmas\u0131na y\u00f6nelik, Bilgi G\u00fcvenli\u011fi Y\u00f6netim Sisteminin gereksinimleri olan y\u00f6ntem ve s\u00fcre\u00e7lere ili\u015fkin esaslar\u0131 belirlemektir.<\/p>\n\n\n\n<h2 class=\"wp-block-heading\">2. Kapsam<\/h2>\n\n\n\n<p>\u015eirket&#8217;teki t\u00fcm bilgi varl\u0131klar\u0131 ve ki\u015fisel veriler bu metinde belirtilen ilkeler kapsam\u0131ndad\u0131r.<\/p>\n\n\n\n<h2 class=\"wp-block-heading\">3. Veri Sorumlusu<\/h2>\n\n\n\n<p>6698 say\u0131l\u0131 Ki\u015fisel Verilerin Korunmas\u0131 Kanunu (&#8220;KVKK&#8221;) uyar\u0131nca, ki\u015fisel verileriniz veri sorumlusu olarak Sa\u011flam Panel taraf\u0131ndan a\u015fa\u011f\u0131da a\u00e7\u0131klanan kapsamda i\u015flenebilecektir.<\/p>\n\n\n\n<p><strong>Veri Sorumlusu:<\/strong> Sa\u011flam Panel<br><strong>Adres:<\/strong> Hanl\u0131k\u00f6y, Nisan Sokak No:4F &#8211; Arifiye \/ SAKARYA<br><strong>Telefon:<\/strong> +90 264 503 04 04<br><strong>E-posta:<\/strong> info@saglampanel.com<\/p>\n\n\n\n<h2 class=\"wp-block-heading\">4. Ki\u015fisel Verilerin \u0130\u015flenme \u0130lkeleri<\/h2>\n\n\n\n<p>Ki\u015fisel verileriniz, KVKK ve ilgili mevzuat kapsam\u0131nda a\u015fa\u011f\u0131daki ilkelere uygun olarak i\u015flenmektedir:<\/p>\n\n\n\n<ul class=\"wp-block-list\">\n<li>Hukuka ve d\u00fcr\u00fcstl\u00fck kurallar\u0131na uygun olma<\/li>\n\n\n\n<li>Do\u011fru ve gerekti\u011finde g\u00fcncel olma<\/li>\n\n\n\n<li>Belirli, a\u00e7\u0131k ve me\u015fru ama\u00e7lar i\u00e7in i\u015flenme<\/li>\n\n\n\n<li>\u0130\u015flendikleri ama\u00e7la ba\u011flant\u0131l\u0131, s\u0131n\u0131rl\u0131 ve \u00f6l\u00e7\u00fcl\u00fc olma<\/li>\n\n\n\n<li>\u0130lgili mevzuatta \u00f6ng\u00f6r\u00fclen veya i\u015flendikleri ama\u00e7 i\u00e7in gerekli olan s\u00fcre kadar muhafaza edilme<\/li>\n<\/ul>\n\n\n\n<h2 class=\"wp-block-heading\">5. Ki\u015fisel Verilerin \u0130\u015flenme Ama\u00e7lar\u0131<\/h2>\n\n\n\n<p>Ki\u015fisel verileriniz a\u015fa\u011f\u0131daki ama\u00e7lar do\u011frultusunda i\u015flenmektedir:<\/p>\n\n\n\n<ul class=\"wp-block-list\">\n<li>\u00dcr\u00fcn ve hizmetlerimizin sunulmas\u0131, sat\u0131\u015f\u0131 ve teslimat\u0131<\/li>\n\n\n\n<li>Sipari\u015f, teklif ve s\u00f6zle\u015fme s\u00fcre\u00e7lerinin y\u00fcr\u00fct\u00fclmesi<\/li>\n\n\n\n<li>M\u00fc\u015fteri ili\u015fkileri ve m\u00fc\u015fteri memnuniyeti y\u00f6netimi<\/li>\n\n\n\n<li>Finans ve muhasebe i\u015flemlerinin y\u00fcr\u00fct\u00fclmesi<\/li>\n\n\n\n<li>\u0130\u015f faaliyetlerinin planlanmas\u0131 ve icras\u0131<\/li>\n\n\n\n<li>\u015eirket i\u00e7i operasyon, i\u00e7 denetim ve g\u00fcvenli\u011fin sa\u011flanmas\u0131<\/li>\n\n\n\n<li>Bilgi g\u00fcvenli\u011fi s\u00fcre\u00e7lerinin planlanmas\u0131, denetimi ve icras\u0131<\/li>\n\n\n\n<li>\u0130nsan kaynaklar\u0131 s\u00fcre\u00e7lerinin y\u00fcr\u00fct\u00fclmesi<\/li>\n\n\n\n<li>\u0130leti\u015fim faaliyetlerinin y\u00fcr\u00fct\u00fclmesi<\/li>\n\n\n\n<li>Yetkili ki\u015fi, kurum ve kurulu\u015flara bilgi verilmesi<\/li>\n\n\n\n<li>Hukuki s\u00fcre\u00e7lerin takibi ve y\u00fcr\u00fct\u00fclmesi<\/li>\n\n\n\n<li>\u015eirket faaliyetlerinin mevzuata uygun y\u00fcr\u00fct\u00fclmesinin temini<\/li>\n\n\n\n<li>Web sitesi ziyaret verilerinin analizi ve geli\u015ftirilmesi<\/li>\n<\/ul>\n\n\n\n<h2 class=\"wp-block-heading\">6. Ki\u015fisel Verilerin Aktar\u0131lmas\u0131<\/h2>\n\n\n\n<p>Ki\u015fisel verileriniz, yukar\u0131da belirtilen ama\u00e7lar\u0131n ger\u00e7ekle\u015ftirilmesi do\u011frultusunda, KVKK&#8217;n\u0131n 8. ve 9. maddelerinde belirtilen \u015fartlar \u00e7er\u00e7evesinde a\u015fa\u011f\u0131daki al\u0131c\u0131 gruplar\u0131na aktar\u0131labilecektir:<\/p>\n\n\n\n<ul class=\"wp-block-list\">\n<li>Yasal raporlama yap\u0131lmas\u0131, d\u00fczenleyici ve denetleyici kurumlarla bilgi payla\u015f\u0131m\u0131 yap\u0131lmas\u0131, yasal bildirim s\u00fcre\u00e7lerinin y\u00fcr\u00fct\u00fclmesi gibi ama\u00e7larla yetkili kamu kurum ve kurulu\u015flar\u0131na<\/li>\n\n\n\n<li>\u00dcr\u00fcn teslimat\u0131, kargo ve lojistik s\u00fcre\u00e7lerin y\u00fcr\u00fct\u00fclmesi amac\u0131yla anla\u015fmal\u0131 kargo \u015firketlerine<\/li>\n\n\n\n<li>\u00d6deme i\u015flemlerinin ger\u00e7ekle\u015ftirilmesi amac\u0131yla bankalara ve finans kurulu\u015flar\u0131na<\/li>\n\n\n\n<li>Hukuki s\u00fcre\u00e7lerin takibi ve y\u00fcr\u00fct\u00fclmesi amac\u0131yla hukuk dan\u0131\u015fmanlar\u0131na, mahkemelere ve icra dairelerine<\/li>\n\n\n\n<li>\u0130\u015f ortakl\u0131\u011f\u0131n\u0131n kurulma ama\u00e7lar\u0131n\u0131n yerine getirilmesi amac\u0131yla i\u015f ortaklar\u0131m\u0131za<\/li>\n\n\n\n<li>Teknik ve idari hizmetlerin al\u0131nmas\u0131 amac\u0131yla hizmet sa\u011flay\u0131c\u0131lar\u0131m\u0131za<\/li>\n<\/ul>\n\n\n\n<h2 class=\"wp-block-heading\">7. Uygulama Esaslar\u0131<\/h2>\n\n\n\n<h3 class=\"wp-block-heading\">7.1. Genel Uygulama \u0130lkeleri<\/h3>\n\n\n\n<ul class=\"wp-block-list\">\n<li>Ki\u015fisel verilerin korunmas\u0131ndan, kurumun g\u00fcvenilirli\u011fini ve imaj\u0131n\u0131 korumak t\u00fcm \u00e7al\u0131\u015fanlar\u0131n ortak sorumlulu\u011fundad\u0131r.<\/li>\n\n\n\n<li>Politika, prosed\u00fcr ve talimatlar\u0131n olu\u015fturulmas\u0131ndan, uygulanmas\u0131ndan ve etkinli\u011finin temininden KVK Kurulu sorumludur.<\/li>\n\n\n\n<li>\u015eirketimiz, temel ve destekleyici i\u015f faaliyetlerinin en az kesinti ile devam etmesini sa\u011flamak amac\u0131yla bili\u015fim hizmetlerinin ger\u00e7ekle\u015ftirilmesinde kullan\u0131lan t\u00fcm fiziksel ve elektronik bilgi varl\u0131klar\u0131n\u0131n g\u00fcvenli\u011fini sa\u011flamay\u0131 hedefler.<\/li>\n\n\n\n<li>\u00dc\u00e7\u00fcnc\u00fc taraflarla yap\u0131lan s\u00f6zle\u015fmelerde KVKK gereksinimlerinin uygunlu\u011fu sa\u011flan\u0131r.<\/li>\n<\/ul>\n\n\n\n<h3 class=\"wp-block-heading\">7.2. Teknik ve \u0130dari Tedbirler<\/h3>\n\n\n\n<ul class=\"wp-block-list\">\n<li>Ki\u015fisel veriler i\u015flenirken, iletilirken ve muhafaza edilirken bilginin gizlilik, b\u00fct\u00fcnl\u00fck ve eri\u015filebilirlik \u00f6zellikleri esas al\u0131n\u0131r.<\/li>\n\n\n\n<li>Fiziksel\/Elektronik ki\u015fisel verilerin i\u015flenmesinde eri\u015fim yetki matrislerine g\u00f6re veri i\u015flenir. Hi\u00e7bir \u00e7al\u0131\u015fan yetkisiz olarak ki\u015fisel verilere eri\u015femez.<\/li>\n\n\n\n<li>T\u00fcm \u00e7al\u0131\u015fanlara d\u00fczenli olarak Ki\u015fisel Verileri Koruma hakk\u0131nda fark\u0131ndal\u0131k e\u011fitimi verilir.<\/li>\n\n\n\n<li>KVK kurulu y\u0131lda en az 2 sefer veya yasal, s\u00f6zle\u015fmeye dayal\u0131 gereksinimler olduk\u00e7a toplan\u0131r, gerekli kararlar\u0131 al\u0131r, uygular, etkinli\u011fini \u00f6l\u00e7er.<\/li>\n\n\n\n<li>Ki\u015fisel veriler d\u00e2hil \u015firketin i\u015fledi\u011fi t\u00fcm verilerin eri\u015fim ve veri d\u00fczenleme loglar\u0131 tutulur, de\u011fi\u015ftirilemezli\u011fi sa\u011flan\u0131r.<\/li>\n\n\n\n<li>Ki\u015fisel veriler d\u00e2hil \u015firketin t\u00fcm verilerinin yedekleri d\u00fczenli olarak al\u0131n\u0131r, yedekten geri d\u00f6n\u00fc\u015f testleri yap\u0131larak i\u015f s\u00fcreklili\u011finin ge\u00e7erlili\u011fi do\u011frulan\u0131r.<\/li>\n\n\n\n<li>Ki\u015fisel verilerin i\u015flendi\u011fi ortamlar dahil olmak \u00fczere eri\u015fim haklar\u0131 d\u00fczenli olarak kontrol edilerek g\u00fcncelli\u011fi do\u011frulan\u0131r.<\/li>\n\n\n\n<li>Ki\u015fisel ve elektronik ileti\u015fimde ve \u00fc\u00e7\u00fcnc\u00fc taraflarla yap\u0131lan bilgi al\u0131\u015fveri\u015flerinde \u015firkete ait bilginin gizlili\u011fi sa\u011flan\u0131r.<\/li>\n\n\n\n<li>Yasan\u0131n ve ilgili ikincil d\u00fczenlemelerin emretti\u011fi \u015fekilde Ki\u015fisel veri envanteri g\u00fcncel halde tutulur, sicile beyan\u0131 de\u011fi\u015ftirebilecek uygulamalar\u0131n olu\u015fmas\u0131 halinde sicil beyan\u0131 7 g\u00fcn i\u00e7inde g\u00fcncellenir.<\/li>\n\n\n\n<li>\u0130lgili ki\u015fi talepleri titizlikle ele al\u0131narak yasan\u0131n belirledi\u011fi s\u00fcre i\u00e7inde cevaplan\u0131r.<\/li>\n\n\n\n<li>Ki\u015fisel veriler dahil \u015firketin i\u015fledi\u011fi her t\u00fcrl\u00fc veri, i\u015flendi\u011fi ortam ve sistem \u00fczerindeki riskler ele al\u0131n\u0131r, azalt\u0131lmas\u0131 gereken riskler i\u00e7in aksiyon planlar\u0131 yap\u0131l\u0131r.<\/li>\n\n\n\n<li>Veri ihlallerini \u00f6nlemek \u00fczere idari ve teknik tedbirler al\u0131n\u0131r. Tedbirlere ra\u011fmen olas\u0131 ihlaller prosed\u00fcrler \u00e7er\u00e7evesinde de\u011ferlendirilerek yasal gereksinimlere uygun y\u00f6netilir.<\/li>\n\n\n\n<li>T\u00fcm politika, prosed\u00fcr ve talimatlar\u0131n \u00e7al\u0131\u015fanlar taraf\u0131ndan kolayca eri\u015filmesi sa\u011flan\u0131r.<\/li>\n\n\n\n<li>\u015eirket i\u00e7inde i\u00e7 denetim yap\u0131larak eksik uygulamalar tespit edilir, d\u00fczeltici-\u00f6nleyici faaliyetler planlan\u0131r.<\/li>\n<\/ul>\n\n\n\n<h2 class=\"wp-block-heading\">8. Ki\u015fisel Veri Sahibinin Haklar\u0131<\/h2>\n\n\n\n<p>KVKK&#8217;n\u0131n 11. maddesi uyar\u0131nca, ki\u015fisel veri sahibi olarak a\u015fa\u011f\u0131daki haklara sahipsiniz:<\/p>\n\n\n\n<ul class=\"wp-block-list\">\n<li>Ki\u015fisel verilerinizin i\u015flenip i\u015flenmedi\u011fini \u00f6\u011frenme<\/li>\n\n\n\n<li>Ki\u015fisel verileriniz i\u015flenmi\u015fse buna ili\u015fkin bilgi talep etme<\/li>\n\n\n\n<li>Ki\u015fisel verilerinizin i\u015flenme amac\u0131n\u0131 ve bunlar\u0131n amac\u0131na uygun kullan\u0131l\u0131p kullan\u0131lmad\u0131\u011f\u0131n\u0131 \u00f6\u011frenme<\/li>\n\n\n\n<li>Yurt i\u00e7inde veya yurt d\u0131\u015f\u0131nda ki\u015fisel verilerinizin aktar\u0131ld\u0131\u011f\u0131 \u00fc\u00e7\u00fcnc\u00fc ki\u015fileri bilme<\/li>\n\n\n\n<li>Ki\u015fisel verilerinizin eksik veya yanl\u0131\u015f i\u015flenmi\u015f olmas\u0131 h\u00e2linde bunlar\u0131n d\u00fczeltilmesini isteme<\/li>\n\n\n\n<li>KVKK&#8217;n\u0131n 7. maddesinde \u00f6ng\u00f6r\u00fclen \u015fartlar \u00e7er\u00e7evesinde ki\u015fisel verilerinizin silinmesini veya yok edilmesini isteme<\/li>\n\n\n\n<li>D\u00fczeltme, silme ve yok edilme taleplerinizin, ki\u015fisel verilerinizin aktar\u0131ld\u0131\u011f\u0131 \u00fc\u00e7\u00fcnc\u00fc ki\u015filere bildirilmesini isteme<\/li>\n\n\n\n<li>\u0130\u015flenen verilerinizin m\u00fcnhas\u0131ran otomatik sistemler vas\u0131tas\u0131yla analiz edilmesi suretiyle aleyhinize bir sonucun ortaya \u00e7\u0131kmas\u0131na itiraz etme<\/li>\n\n\n\n<li>Ki\u015fisel verilerinizin kanuna ayk\u0131r\u0131 olarak i\u015flenmesi sebebiyle zarara u\u011framan\u0131z h\u00e2linde zarar\u0131n giderilmesini talep etme<\/li>\n<\/ul>\n\n\n\n<h2 class=\"wp-block-heading\">9. Ba\u015fvuru Hakk\u0131<\/h2>\n\n\n\n<p>Ki\u015fisel veri sahibi olarak, haklar\u0131n\u0131za ili\u015fkin taleplerinizi Veri Sahibi Ba\u015fvuru Formu&#8217;nu doldurarak \u015firketimize iletebilirsiniz. Talebiniz, niteli\u011fine g\u00f6re en k\u0131sa s\u00fcrede ve en ge\u00e7 30 (otuz) g\u00fcn i\u00e7inde \u00fccretsiz olarak sonu\u00e7land\u0131r\u0131lacakt\u0131r. Ancak, i\u015flemin ayr\u0131ca bir maliyet gerektirmesi h\u00e2linde, Ki\u015fisel Verileri Koruma Kurulu taraf\u0131ndan belirlenen tarifedeki \u00fccret al\u0131nabilecektir.<\/p>\n\n\n\n<p>Ba\u015fvurunuzu a\u015fa\u011f\u0131daki y\u00f6ntemlerle yapabilirsiniz:<\/p>\n\n\n\n<ul class=\"wp-block-list\">\n<li>\u015eirketimize \u015fahsen ba\u015fvuru yapabilirsiniz.<\/li>\n\n\n\n<li>Noter vas\u0131tas\u0131yla tebligat g\u00f6nderebilirsiniz.<\/li>\n\n\n\n<li><a href=\"mailto:info@saglampanel.com\">info@saglampanel.com<\/a> adresine g\u00fcvenli elektronik imza ile imzalanm\u0131\u015f bir e-posta g\u00f6nderebilirsiniz.<\/li>\n<\/ul>\n\n\n\n<h2 class=\"wp-block-heading\">10. Bilgilerin G\u00fcncelli\u011fi<\/h2>\n\n\n\n<p>Ki\u015fisel verilerinizin do\u011fru ve g\u00fcncel olmas\u0131 esast\u0131r. Bu sebeple, ki\u015fisel verilerinizde herhangi bir de\u011fi\u015fiklik meydana gelmesi halinde, bu durumu \u015firketimize bildirmenizi rica ederiz.<\/p>\n\n\n\n<h2 class=\"wp-block-heading\">11. De\u011fi\u015fiklikler<\/h2>\n\n\n\n<p>Sa\u011flam Panel, bu ayd\u0131nlatma metnini gerekti\u011finde g\u00fcncelleyebilir. Yap\u0131lan g\u00fcncellemeler, web sitemizde yay\u0131nlanacak olup, gerekli hallerde sizlere ayr\u0131ca bildirilecektir.<\/p>\n\n\n\n<p><em>Son G\u00fcncelleme Tarihi: 17.04.2025<\/em><\/p>\n\n\n\n<p><\/p>\n","protected":false},"excerpt":{"rendered":"<p>1. Ama\u00e7 Sa\u011flam Panel (&#8220;\u015eirket&#8221; veya &#8220;Sa\u011flam Panel&#8221;) olarak kurumsal bilgilerin ve ki\u015fisel verilerin gizlilik, b\u00fct\u00fcnl\u00fck ve eri\u015filebilirlik unsurlar\u0131 a\u00e7\u0131s\u0131ndan korunmas\u0131n\u0131 sa\u011flamak, \u015firketimiz taraf\u0131ndan ki\u015fisel verilerin i\u015flenmesine ve korunmas\u0131na y\u00f6nelik, Bilgi G\u00fcvenli\u011fi Y\u00f6netim Sisteminin gereksinimleri olan y\u00f6ntem ve s\u00fcre\u00e7lere ili\u015fkin esaslar\u0131 belirlemektir. 2. Kapsam \u015eirket&#8217;teki t\u00fcm bilgi varl\u0131klar\u0131 ve ki\u015fisel veriler bu metinde belirtilen ilkeler [&hellip;]<\/p>\n","protected":false},"author":1,"featured_media":0,"parent":0,"menu_order":0,"comment_status":"closed","ping_status":"closed","template":"politika-template.php","meta":{"_acf_changed":false,"inline_featured_image":false,"footnotes":""},"class_list":["post-3626","page","type-page","status-publish","hentry"],"acf":[],"_links":{"self":[{"href":"https:\/\/saglampan.pl\/tr\/wp-json\/wp\/v2\/pages\/3626","targetHints":{"allow":["GET"]}}],"collection":[{"href":"https:\/\/saglampan.pl\/tr\/wp-json\/wp\/v2\/pages"}],"about":[{"href":"https:\/\/saglampan.pl\/tr\/wp-json\/wp\/v2\/types\/page"}],"author":[{"embeddable":true,"href":"https:\/\/saglampan.pl\/tr\/wp-json\/wp\/v2\/users\/1"}],"replies":[{"embeddable":true,"href":"https:\/\/saglampan.pl\/tr\/wp-json\/wp\/v2\/comments?post=3626"}],"version-history":[{"count":4,"href":"https:\/\/saglampan.pl\/tr\/wp-json\/wp\/v2\/pages\/3626\/revisions"}],"predecessor-version":[{"id":3834,"href":"https:\/\/saglampan.pl\/tr\/wp-json\/wp\/v2\/pages\/3626\/revisions\/3834"}],"wp:attachment":[{"href":"https:\/\/saglampan.pl\/tr\/wp-json\/wp\/v2\/media?parent=3626"}],"curies":[{"name":"wp","href":"https:\/\/api.w.org\/{rel}","templated":true}]}}